{"id":1969,"date":"2026-02-26T04:00:44","date_gmt":"2026-02-26T04:00:44","guid":{"rendered":"https:\/\/mxcheer.com\/?post_type=product&#038;p=1969"},"modified":"2026-04-06T03:34:42","modified_gmt":"2026-04-06T03:34:42","slug":"pop-mart","status":"publish","type":"product","link":"https:\/\/novalive.live\/es_es\/product\/pop-mart\/","title":{"rendered":"Pop Mart"},"content":{"rendered":"<p>\u00a1Sorprende a tu streamer favorito con una bonita caja ciega Pop Mart!<\/p>\n<div><\/div>\n<p>Cada caja est\u00e1 llena de diversi\u00f3n y de tu c\u00e1lido apoyo.<\/p>\n<div><\/div>\n<p>Deja que disfruten contigo de la alegr\u00eda del unboxing.<\/p>","protected":false},"excerpt":{"rendered":"<p>Surprise your favorite streamer with a cute Pop Mart blind box! Every box is full of fun and your warm support. Let them enjoy the joy of unboxing together with you!<\/p>","protected":false},"featured_media":0,"comment_status":"open","ping_status":"closed","template":"","meta":{"_acf_changed":false},"product_brand":[],"product_cat":[136],"product_tag":[],"class_list":{"0":"post-1969","1":"product","2":"type-product","3":"status-publish","5":"product_cat-feed-your-idol","6":"pa_select-group-a-o-d","7":"pa_select-group-climax","8":"pa_select-group-gotg","9":"pa_select-group-maniac","10":"pa_select-group-other-team","11":"pa_select-group-pearl-ship","12":"pa_select-group-polaris","13":"pa_select-group-secret-recipe","14":"pa_select-group-single-person-combo","15":"pa_select-group-unicorn","16":"pa_select-group-166","17":"pa_select-group-168","18":"pa_select-group-141","20":"first","21":"instock","22":"taxable","23":"shipping-taxable","24":"purchasable","25":"product-type-variable"},"acf":[],"_links":{"self":[{"href":"https:\/\/novalive.live\/es_es\/wp-json\/wp\/v2\/product\/1969","targetHints":{"allow":["GET"]}}],"collection":[{"href":"https:\/\/novalive.live\/es_es\/wp-json\/wp\/v2\/product"}],"about":[{"href":"https:\/\/novalive.live\/es_es\/wp-json\/wp\/v2\/types\/product"}],"replies":[{"embeddable":true,"href":"https:\/\/novalive.live\/es_es\/wp-json\/wp\/v2\/comments?post=1969"}],"wp:attachment":[{"href":"https:\/\/novalive.live\/es_es\/wp-json\/wp\/v2\/media?parent=1969"}],"wp:term":[{"taxonomy":"product_brand","embeddable":true,"href":"https:\/\/novalive.live\/es_es\/wp-json\/wp\/v2\/product_brand?post=1969"},{"taxonomy":"product_cat","embeddable":true,"href":"https:\/\/novalive.live\/es_es\/wp-json\/wp\/v2\/product_cat?post=1969"},{"taxonomy":"product_tag","embeddable":true,"href":"https:\/\/novalive.live\/es_es\/wp-json\/wp\/v2\/product_tag?post=1969"}],"curies":[{"name":"wp","href":"https:\/\/api.w.org\/{rel}","templated":true}]}}