{"id":1777,"date":"2026-02-22T02:42:15","date_gmt":"2026-02-22T02:42:15","guid":{"rendered":"https:\/\/mxcheer.com\/?post_type=product&#038;p=1777"},"modified":"2026-04-06T03:49:14","modified_gmt":"2026-04-06T03:49:14","slug":"festin-unico-de-marisco","status":"publish","type":"product","link":"https:\/\/novalive.live\/es_es\/product\/festin-unico-de-marisco\/","title":{"rendered":"Fest\u00edn \u00fanico de marisco"},"content":{"rendered":"<div><\/div>\n<div>\u00a1Dele el mejor capricho a su serpentina con un lujoso fest\u00edn de marisco! Reci\u00e9n preparado, lleno de sabor y servido con todo el coraz\u00f3n. \u00a1Demuestra tu apoyo con cada delicioso bocado!<\/div>","protected":false},"excerpt":{"rendered":"<p>\u00a1Dele el mejor capricho a su serpentina con un lujoso fest\u00edn de marisco! Reci\u00e9n preparado, lleno de sabor y servido con todo el coraz\u00f3n. \u00a1Demuestra tu apoyo con cada delicioso bocado!<\/p>","protected":false},"featured_media":0,"comment_status":"open","ping_status":"closed","template":"","meta":{"_acf_changed":false},"product_brand":[],"product_cat":[136],"product_tag":[],"class_list":{"0":"post-1777","1":"product","2":"type-product","3":"status-publish","5":"product_cat-feed-your-idol","6":"pa_select-group-a-o-d","7":"pa_select-group-climax","8":"pa_select-group-gotg","9":"pa_select-group-maniac","10":"pa_select-group-other-team","11":"pa_select-group-pearl-ship","12":"pa_select-group-polaris","13":"pa_select-group-secret-recipe","14":"pa_select-group-single-person-combo","15":"pa_select-group-unicorn","16":"pa_select-group-166","17":"pa_select-group-168","18":"pa_select-group-141","20":"first","21":"instock","22":"taxable","23":"shipping-taxable","24":"purchasable","25":"product-type-variable"},"acf":[],"_links":{"self":[{"href":"https:\/\/novalive.live\/es_es\/wp-json\/wp\/v2\/product\/1777","targetHints":{"allow":["GET"]}}],"collection":[{"href":"https:\/\/novalive.live\/es_es\/wp-json\/wp\/v2\/product"}],"about":[{"href":"https:\/\/novalive.live\/es_es\/wp-json\/wp\/v2\/types\/product"}],"replies":[{"embeddable":true,"href":"https:\/\/novalive.live\/es_es\/wp-json\/wp\/v2\/comments?post=1777"}],"wp:attachment":[{"href":"https:\/\/novalive.live\/es_es\/wp-json\/wp\/v2\/media?parent=1777"}],"wp:term":[{"taxonomy":"product_brand","embeddable":true,"href":"https:\/\/novalive.live\/es_es\/wp-json\/wp\/v2\/product_brand?post=1777"},{"taxonomy":"product_cat","embeddable":true,"href":"https:\/\/novalive.live\/es_es\/wp-json\/wp\/v2\/product_cat?post=1777"},{"taxonomy":"product_tag","embeddable":true,"href":"https:\/\/novalive.live\/es_es\/wp-json\/wp\/v2\/product_tag?post=1777"}],"curies":[{"name":"wp","href":"https:\/\/api.w.org\/{rel}","templated":true}]}}